{"id":1376,"date":"2023-02-11T14:15:40","date_gmt":"2023-02-11T06:15:40","guid":{"rendered":"http:\/\/www.algmain.com\/?page_id=1376"},"modified":"2023-02-12T10:49:30","modified_gmt":"2023-02-12T02:49:30","slug":"hash-compare","status":"publish","type":"page","link":"http:\/\/www.algmain.com\/index.php\/algorithm-article\/hash-function\/hash-compare\/","title":{"rendered":"\u54c8\u5e0c\u51fd\u6570\u7684\u6bd4\u8f83"},"content":{"rendered":"\n<p>\u4e0b\u9762\u4ece\u51e0\u4e2a\u4e0d\u540c\u7684\u89d2\u5ea6\u5bf9\u6bd4\u4e00\u4e0b\u5546\u6570\u7c7b\u54c8\u5e0c\u51fd\u6570\u548c\u4f59\u6570\u7c7b\u54c8\u5e0c\u51fd\u6570\u3002<\/p>\n\n\n\n<h3 class=\"wp-block-heading\">\u5206\u8fa8\u80fd\u529b\u7684\u6bd4\u8f83<\/h3>\n\n\n\n<p>\u7531\u4e0a\u8ff0\u5b9a\u74068\u53ef\u4ee5\u5f97\u77e5\uff0c\u5bf9\u4e8e\u4f59\u6570\u7c7b\u54c8\u5e0c\u51fd\u6570\uff0c\u5176\u5206\u8fa8\u80fd\u529b\\(D\\)\u7684\u5927\u5c0f\u662f\u9664\u6570\u5e8f\u5217\\(M\\)\u7684\u6700\u5c0f\u516c\u500d\u6570\uff08LCM\uff09\u3002\u5f53\u9664\u6570\u6570\u5217\u4e2d\u7684\u5143\u7d20\u76f8\u4e92\u4e92\u8d28\u3010\u4f9d\u636e\u5b9a\u74068\u3011\uff08\u6216\u5747\u4e3a\u7d20\u6570\u3010\u4f9d\u636e\u5b9a\u74067\u3011\uff09\u65f6\uff0c\u5219\u5206\u8fa8\u80fd\u529b\u7684\u5927\u5c0f\u4e3a\u9664\u6570\u6570\u5217\u6240\u6709\u5143\u7d20\u7684\u4e58\u79ef\u3002<\/p>\n\n\n\n<p>\\[D=\\prod \\limits_{i=1}^n m_i = m_1\u00d7m_2\u00d7m_3\u00d7\u2026\u2026\u00d7m_n\\]<\/p>\n\n\n\n<p>\u53ef\u4ee5\u770b\u51fa\u5546\u6570\u7c7b\u54c8\u5e0c\u51fd\u6570\u548c\u4f59\u6570\u7c7b\u54c8\u5e0c\u51fd\u6570\u7684\u5206\u8fa8\u80fd\u529b\\(D\\)\u5728\u8868\u8fbe\u5f62\u5f0f\u4e0a\u57fa\u672c\u4e00\u81f4\u3002\u56e0\u6b64\u4ece\u5206\u8fa8\u80fd\u529b\u8fd9\u4e2a\u89d2\u5ea6\u6765\u770b\uff0c\u8fd9\u4e24\u7c7b\u54c8\u5e0c\u51fd\u6570\u7684\u4f18\u52a3\u4e5f\u5c31\u5728\u4f2f\u4ef2\u4e4b\u95f4\u3002\u53e6\u5916\u7531\u4e8e\u7b49\u4ef7\u51fd\u6570\u7684\u6982\u5ff5\u5b58\u5728\uff0c\u90a3\u4e48\u4e5f\u610f\u5473\u7740\u4e24\u8005\u4e4b\u95f4\u53ef\u4ee5\u76f8\u4e92\u8f6c\u5316\u3002<\/p>\n\n\n\n<p>\u4f8b\u5982\uff1a\u5bf9\u4e8e\u5546\u6570\u7c7b\u54c8\u5e0c\u51fd\u6570\\(f_{M_1}(k)\\)\uff0c\u9009\u62e9\u9664\u6570\u6570\u5217\\(M_1=\\{256,256,256,256\\}\\)\uff0c\u5219\u5176\u5bf9\u5e94\u7684\u54c8\u5e0c\u51fd\u6570\u5b9e\u9645\u4e0a\u5c31\u662f\u6309\u7167256\u8fdb\u5236\u8ba1\u6570\u7684\u3002\u540c\u6837\u53ef\u4ee5\u6784\u9020\u4e00\u4e2a\u4f59\u6570\u7c7b\u54c8\u5e0c\u51fd\u6570\\(f_{M_2}(k)\\)&nbsp;\uff0c\u9009\u62e9\u9664\u6570\u6570\u5217\\(M_2=\\{255,254,253,251\\}\\)\u3002\u867d\u7136\u8fd9\u4e24\u4e2a\u51fd\u6570\u7684\u8ba1\u7b97\u65b9\u6cd5\u548c\u7ed3\u679c\u6709\u6240\u4e0d\u540c\uff0c\u4f46\u8fd9\u4e24\u4e2a\u51fd\u6570\u7684\u5206\u8fa8\u80fd\u529b\\(D\\)\u5df2\u7ecf\u5f88\u63a5\u8fd1\u3002\u663e\u7136\u5546\u6570\u7c7b\u54c8\u5e0c\u51fd\u6570\u53ef\u4ee5\u5bf9\u6bcf\u4e2abit\u7269\u5c3d\u5176\u7528\uff0c\u800c\u4f59\u6570\u7c7b\u54c8\u5e0c\u51fd\u6570\u53ef\u80fd\u4f1a\u6709\u4e00\u5b9a\u7684\u6d6a\u8d39\u3002<\/p>\n\n\n\n<h3 class=\"wp-block-heading\">\u9664\u6570\u6570\u5217\u7684\u9009\u62e9<\/h3>\n\n\n\n<p>\u5546\u6570\u7c7b\u54c8\u5e0c\u51fd\u6570\u6bd4\u8f83\u76f4\u89c2\u548c\u7b80\u5355\uff0c\u5b9e\u9645\u5e94\u7528\u4e2d\u591a\u91c7\u7528\u5206\u6bb5\u65b9\u5f0f\u8fdb\u884c\u5904\u7406\u3002\u5176\u9664\u6570\u6570\u5217\u7684\u9009\u62e9\u4e00\u822c\u4f9d\u636e\u5e38\u7528\u8ba1\u6570\u8fdb\u5236\u5373\u53ef\u3002\u4f59\u6570\u7c7b\u54c8\u5e0c\u51fd\u6570\u5219\u4e0e\u9664\u6570\u6570\u5217\u7684\u9009\u62e9\u6709\u5bc6\u5207\u5173\u7cfb\uff0c\u56e0\u6b64\u9009\u62e9\u65f6\u6709\u4e00\u5b9a\u7684\u6280\u5de7\u3002\u5728\u5b9e\u9645\u5e94\u7528\u4e2d\uff0c\u4e3a\u4e86\u51cf\u5c11\u67e5\u8be2\u65f6\u95f4\u590d\u6742\u5ea6\uff0c\u53ef\u4ee5\u9009\u53d6\u8f83\u5927\u6570\u3002\u53e6\u5916\u4f9d\u636e\u5b9a\u74068\u6240\u9009\u62e9\u7684\u9664\u6570\u6570\u5217\u6bd4\u4f9d\u636e\u5b9a\u74067\u6240\u9009\u62e9\u7684\u9664\u6570\u6570\u5217\u5219\u7565\u6709\u4f18\u52bf\u3002<\/p>\n\n\n\n<p>\u4f8b\u5982\u5982\u4e0b\u56db\u7ec4\u9664\u6570\u6570\u5217\uff1a<\/p>\n\n\n\n<p>\\(M_1=\\{251\\}\\)&nbsp;\uff0c\\(M_2=\\{2,127\\}\\)&nbsp;\uff0c\\(M_3=\\{2,3,43\\}\\)&nbsp;\uff0c\\(M_4=\\{4,8,31\\}\\)<\/p>\n\n\n\n<p>\u5229\u7528\u8fd9\u56db\u7ec4\u9664\u6570\u6570\u5217\u6309\u7167\u4e0a\u8ff0\u65b9\u5f0f\u5206\u522b\u6784\u5efa\u6210\u7684\u4f59\u6570\u7c7b\u54c8\u5e0c\u51fd\u6570\uff0c\u5177\u6709\u5dee\u4e0d\u591a\u7684\u5206\u8fa8\u80fd\u529b\u3002\u4f46\u662f\u65f6\u95f4\u590d\u6742\u5ea6\u660e\u663e\u4e0d\u540c\uff0c\u800c\u4e14\u5bf9\u6570\u5217\\(M_4\\)&nbsp;\u6765\u8bf4\uff0c\u5176\u4e2d\u8fd8\u5b58\u5728\u5197\u4f59\u3002<\/p>\n\n\n\n<p>\u8fd9\u91cc\u63a8\u8350\u4e00\u79cd\u4f59\u6570\u7c7b\u54c8\u5e0c\u51fd\u6570\u5e38\u7528\u7684\u9664\u6570\u6570\u5217\u3002\u4f9d\u636e\u5b9a\u74067\uff0c\u6309\u7167\u964d\u5e8f\u5217\u51fa\u4ece251\u81f32\u7684\u8fde\u7eed32\u4e2a\u8d28\u6570\\(M=\\{251,241,239\u2026\u2026,83\\}\\)\u3002\u8fd8\u53ef\u4ee5\u4f9d\u636e\u5b9a\u74068\uff0c\u518d\u8fdb\u4e00\u6b65\u4f18\u5316\u9664\u6570\u5e8f\u5217\\(M^*=\\{256,255,253,251,\u2026\u2026,107\\}\\)\u3002<\/p>\n\n\n\n<p>\u8fd9\u6837\u5b89\u6392\u7684\u597d\u5904\u6709\u5982\u4e0b\u51e0\u70b9\uff1a\u2460\u5b9e\u9645\u5e94\u7528\u4e2d\uff0c\u54c8\u5e0c\u7b97\u6cd5\u6ca1\u5fc5\u8981\u6bcf\u4e2a\u8d28\u6570\u90fd\u9700\u8981\u6c42\u4f59\u6570\uff0c\u4ece\u5927\u6570\u5f00\u59cb\u6709\u5229\u4e8e\u51cf\u5c11\u5c42\u6b21\u548c\u67e5\u8be2\u6b21\u6570\uff1b\u2461\u6240\u6709\u7684\u4f59\u6570\u4e0d\u8d85\u8fc7256\uff0c\u53ef\u4ee5\u901a\u8fc7\u5b57\u8282\u6570\u7ec4\u8868\u8fbe\u4f59\u6570\u6570\u5217\uff1b\u2462\u53ef\u4ee5\u5f62\u6210\u8db3\u591f\u5927\u7684\u603b\u4f53\u5206\u8fa8\u80fd\u529b\uff0c\u964d\u4f4e\u51b2\u7a81\u6982\u7387\u3002<\/p>\n\n\n\n<h3 class=\"wp-block-heading\">\u5728\u5173\u952e\u5b57\u5904\u7406\u4e0a\u7684\u5dee\u5f02<\/h3>\n\n\n\n<p>\u5f53\u7ed9\u5b9a\u5173\u952e\u5b57\u4e3a\u6574\u6570\u7c7b\u578b\u65f6\uff0c\u4f7f\u7528\u5546\u6570\u7c7b\u54c8\u5e0c\u51fd\u6570\u5177\u6709\u4e00\u5b9a\u7684\u7b80\u4fbf\u6027\u548c\u5feb\u6377\u6027\u3002\u901a\u7528\u8ba1\u7b97\u673a\u7684\u6574\u6570\u7c7b\u578b\u8868\u8fbe\u76ee\u524d\u4e0d\u8d85\u8fc764bit\uff08\u53738\u4e2a\u5b57\u8282\uff09\uff0c\u5f88\u9002\u5408\u6309\u7167256\u8fdb\u5236\u8fdb\u884c\u5206\u6bb5\u5904\u7406\u3002\u8fd9\u4e2a\u4e5f\u662f\u5546\u6570\u7c7b\u54c8\u5e0c\u51fd\u6570\u7684\u4e3b\u8981\u4f18\u52bf\u3002\u7406\u8bba\u4e0a\u8981\u6c42\u7684\u9664\u6cd5\u548c\u53d6\u4f59\u8fd0\u7b97\uff0c\u5b9e\u9645\u5e94\u7528\u4e2d\u53ef\u4ee5\u901a\u8fc7\u7b80\u5355\u5feb\u6377\u7684\u4f4d\u64cd\u4f5c\u4e88\u4ee5\u89e3\u51b3\u3002<\/p>\n\n\n\n<p>\u4f46\u662f\u5bf9\u4e8e\u4e0d\u5b9a\u957f\u5b57\u7b26\u4e32\u6216\u8005\u8f83\u957f\u7684\u4e8c\u8fdb\u5236\u5173\u952e\u5b57\u65f6\uff0c\u5546\u6570\u7c7b\u54c8\u5e0c\u51fd\u6570\u5c31\u5b58\u5728\u4e00\u5b9a\u7684\u95ee\u9898\uff1a\u5546\u6570\u7c7b\u54c8\u5e0c\u51fd\u6570\u9700\u8981\u786e\u5b9a\u4e00\u4e2a\u6700\u5927\u5bf9\u9f50\u957f\u5ea6\uff0c\u4ee5\u786e\u5b9a\u5206\u6bb5\u65b9\u5f0f\u3002<\/p>\n\n\n\n<p>\u4f8b\u5982\uff1a\u6574\u6570\u6700\u591a8\u4e2a\u5b57\u8282\uff0c\u6309\u5b57\u8282\u8fdb\u884c\u5206\u6bb5\uff1b\u82f1\u6587\u5355\u8bcd\u5b57\u5178\u53ef\u4ee5\u8bbe\u5b9a\u6700\u5927\u5355\u8bcd\u957f\u5ea6\u4e3a32\uff0c\u6309\u7167\u5b57\u6bcd\u8fdb\u884c\u5206\u6bb5\u3002\u5b9e\u9645\u5e94\u7528\u4e2d\uff0c\u7a0b\u5e8f\u8bbe\u8ba1\u9700\u8981\u8003\u8651\u53ef\u80fd\u5b58\u5728\u7684\u5173\u952e\u5b57\u957f\u5ea6\u4e0a\u6ea2\u3002<\/p>\n\n\n\n<p>\u4f59\u6570\u7c7b\u54c8\u5e0c\u51fd\u6570\u7684\u4e3b\u8981\u95ee\u9898\u5728\u4e8e\u5bf9\u4e8e\u5173\u952e\u5b57\u8981\u8fdb\u884c\u6574\u6570\u53d6\u4f59\u8fd0\u7b97\u3002\u800c\u6309\u7167\u76ee\u524d\u7684CPU\u6c34\u5e73\uff0c\u53d6\u4f59\u7684\u6574\u6570\u9664\u6cd5\u64cd\u4f5c\u51e0\u4e4e\u4e0d\u7b97\u4ec0\u4e48\u96be\u4e8b\uff0c\u4f46\u4e5f\u4f1a\u6d88\u8017\u4e00\u5b9a\u7684CPU\u65f6\u95f4\u3002\u5bf9\u4e8e\u4e0d\u5b9a\u957f\u5b57\u7b26\u4e32\u6216\u8005\u8f83\u957f\u7684\u4e8c\u8fdb\u5236\u5173\u952e\u5b57\uff0c\u4f59\u6570\u7c7b\u54c8\u5e0c\u51fd\u6570\u5747\u53ef\u4ee5\u5904\u7406\uff0c\u53ea\u662f\u6240\u9700\u65f6\u95f4\u957f\u77ed\u4e0d\u540c\u800c\u5df2\u3002\u5b9e\u9645\u5e94\u7528\u4e2d\uff0c\u8003\u8651\u5230\u6240\u80fd\u5b58\u50a8\u7684\u6570\u636e\u8bb0\u5f55\u6570\u91cf\uff0c\u4ee5\u53ca\u5173\u952e\u5b57\u7684\u5b9e\u9645\u60c5\u51b5\uff0c\u7a0b\u5e8f\u8bbe\u8ba1\u4e2d\u4f1a\u523b\u610f\u9650\u5b9a\u4e00\u4e2a\u6700\u5927\u957f\u5ea6\u3002\u8fd9\u4e2a\u9650\u5236\u662f\u4eba\u4e3a\u9650\u5236\uff0c\u800c\u5e76\u975e\u7406\u8bba\u4e0a\u7684\u9650\u5236\u3002<\/p>\n\n\n\n<h3 class=\"wp-block-heading\">\u6811\u7ed3\u6784\u7684\u5e73\u8861\u6027<\/h3>\n\n\n\n<p>\u9002\u7528\u4e24\u79cd\u54c8\u5e0c\u51fd\u6570\u6784\u5efa\u7684\u54c8\u5e0c\u6811\u4f1a\u5177\u6709\u4e0d\u540c\u7684\u5e73\u8861\u6027\u3002<\/p>\n\n\n\n<p>\u76f8\u6bd4\u8f83\u800c\u8a00\uff0c\u4f59\u6570\u7c7b\u54c8\u5e0c\u51fd\u6570\u7684\u6811\u5e73\u8861\u6027\u4f1a\u660e\u663e\u4f18\u4e8e\u5546\u6570\u7c7b\u54c8\u5e0c\u51fd\u6570\u3002<\/p>\n","protected":false},"excerpt":{"rendered":"<p>\u4e0b\u9762\u4ece\u51e0\u4e2a\u4e0d\u540c\u7684\u89d2\u5ea6\u5bf9\u6bd4\u4e00\u4e0b\u5546\u6570\u7c7b\u54c8\u5e0c\u51fd\u6570\u548c\u4f59\u6570\u7c7b\u54c8\u5e0c\u51fd\u6570\u3002 \u5206\u8fa8\u80fd\u529b\u7684\u6bd4\u8f83 \u7531\u4e0a\u8ff0\u5b9a\u74068\u53ef\u4ee5\u5f97\u77e5\uff0c\u5bf9\u4e8e\u4f59\u6570\u7c7b [&hellip;]<\/p>\n","protected":false},"author":1,"featured_media":0,"parent":1021,"menu_order":4,"comment_status":"closed","ping_status":"closed","template":"","meta":{"footnotes":""},"class_list":["post-1376","page","type-page","status-publish","hentry"],"_links":{"self":[{"href":"http:\/\/www.algmain.com\/index.php\/wp-json\/wp\/v2\/pages\/1376"}],"collection":[{"href":"http:\/\/www.algmain.com\/index.php\/wp-json\/wp\/v2\/pages"}],"about":[{"href":"http:\/\/www.algmain.com\/index.php\/wp-json\/wp\/v2\/types\/page"}],"author":[{"embeddable":true,"href":"http:\/\/www.algmain.com\/index.php\/wp-json\/wp\/v2\/users\/1"}],"replies":[{"embeddable":true,"href":"http:\/\/www.algmain.com\/index.php\/wp-json\/wp\/v2\/comments?post=1376"}],"version-history":[{"count":8,"href":"http:\/\/www.algmain.com\/index.php\/wp-json\/wp\/v2\/pages\/1376\/revisions"}],"predecessor-version":[{"id":1447,"href":"http:\/\/www.algmain.com\/index.php\/wp-json\/wp\/v2\/pages\/1376\/revisions\/1447"}],"up":[{"embeddable":true,"href":"http:\/\/www.algmain.com\/index.php\/wp-json\/wp\/v2\/pages\/1021"}],"wp:attachment":[{"href":"http:\/\/www.algmain.com\/index.php\/wp-json\/wp\/v2\/media?parent=1376"}],"curies":[{"name":"wp","href":"https:\/\/api.w.org\/{rel}","templated":true}]}}